{"id":19,"date":"2016-09-19T08:54:13","date_gmt":"2016-09-19T08:54:13","guid":{"rendered":"http:\/\/flatsome.dev\/?page_id=9969"},"modified":"2020-02-20T16:49:48","modified_gmt":"2020-02-20T15:49:48","slug":"qui-sommes-nous","status":"publish","type":"page","link":"https:\/\/mvpi.io\/en\/qui-sommes-nous\/","title":{"rendered":"Our team"},"content":{"rendered":"<section class=\"section dark has-parallax\" id=\"section_1908364208\">\n\t\t<div class=\"section-bg fill\" data-parallax-container=\".section\" data-parallax-background data-parallax=\"-5\">\n\t\t\t<img loading=\"lazy\" decoding=\"async\" width=\"1920\" height=\"1080\" src=\"https:\/\/mvpi.io\/wp-content\/uploads\/2018\/11\/SocialNetwork-0-00-13-25.jpg\" class=\"bg attachment-original size-original\" alt=\"MVPi - Notre \u00e9quipe\" \/>\t\t\t\t\t\t<div class=\"section-bg-overlay absolute fill\"><\/div>\n\t\t\t\n\n\t\t<\/div>\n\n\t\t\n\n\t\t<div class=\"section-content relative\">\n\t\t\t\n\n<h1 style=\"text-align: center;\">Our team<\/h1>\n\n\t\t<\/div>\n\n\t\t\n<style>\n#section_1908364208 {\n  padding-top: 212px;\n  padding-bottom: 212px;\n}\n#section_1908364208 .section-bg-overlay {\n  background-color: rgba(0,0,0,.5);\n}\n#section_1908364208 .section-bg img {\n  object-position: 26% 10%;\n}\n<\/style>\n\t<\/section>\n\t\n\n\t<section class=\"section\" id=\"section_1698497520\">\n\t\t<div class=\"section-bg fill\" >\n\t\t\t\t\t\t\t\t\t\n\t\t\t\n\t<div class=\"is-border\"\n\t\tstyle=\"border-color:rgb(235, 235, 235);border-width:1px 0px 0px 0px;\">\n\t<\/div>\n\n\t\t<\/div>\n\n\t\t\n\n\t\t<div class=\"section-content relative\">\n\t\t\t\n\n<div class=\"row row-large align-middle align-center\"  id=\"row-1521511300\">\n\n\n\t<div id=\"col-1430381051\" class=\"col medium-6 small-12 large-6\"  >\n\t\t\t\t<div class=\"col-inner\" style=\"background-color:rgb(255, 255, 255);\" >\n\t\t\t\n\t\t\t\n\n\t<div class=\"img has-hover x md-x lg-x y md-y lg-y\" id=\"image_2033776690\">\n\t\t\t\t\t\t\t\t<div class=\"img-inner dark\" >\n\t\t\t<img loading=\"lazy\" decoding=\"async\" width=\"1020\" height=\"601\" src=\"https:\/\/mvpi.io\/wp-content\/uploads\/2018\/11\/startup-594091_1920-copie-1-1357x800.jpg\" class=\"attachment-large size-large\" alt=\"Notre \u00e9quipe data et IA \u00e0 MVPi\" srcset=\"https:\/\/mvpi.io\/wp-content\/uploads\/2018\/11\/startup-594091_1920-copie-1-1357x800.jpg 1357w, https:\/\/mvpi.io\/wp-content\/uploads\/2018\/11\/startup-594091_1920-copie-1-678x400.jpg 678w, https:\/\/mvpi.io\/wp-content\/uploads\/2018\/11\/startup-594091_1920-copie-1-768x453.jpg 768w, https:\/\/mvpi.io\/wp-content\/uploads\/2018\/11\/startup-594091_1920-copie-1-600x354.jpg 600w, https:\/\/mvpi.io\/wp-content\/uploads\/2018\/11\/startup-594091_1920-copie-1.jpg 1920w\" sizes=\"auto, (max-width: 1020px) 100vw, 1020px\" \/>\t\t\t\t\t\t\n\t\t\t\t\t<\/div>\n\t\t\t\t\t\t\t\t\n<style>\n#image_2033776690 {\n  width: 100%;\n}\n<\/style>\n\t<\/div>\n\t\n\n\n\t\t<\/div>\n\t\t\t\t\n<style>\n#col-1430381051 > .col-inner {\n  padding: 0px 0px 0px 0px;\n}\n<\/style>\n\t<\/div>\n\n\t\n\n\t<div id=\"col-667456214\" class=\"col medium-6 small-12 large-6\"  >\n\t\t\t\t<div class=\"col-inner text-center\"  >\n\t\t\t\n\t\t\t\n\n<h2 class=\"translation-block\">A <em>makers<\/em> team<\/h2>\n<p class=\"translation-block\">MVPi deeply immerses its <strong>DNA in the culture of Silicon Valley<\/strong> and in the spirit of start-ups that are disrupting their industries.<\/p>\n<p class=\"translation-block\">The expertise of our team in the world of <strong>eutrepreneurship, digital and IT<\/strong> development allows us to bring an operational and innovative response to your problems.<\/p>\n\n\t\t<\/div>\n\t\t\t\t\t<\/div>\n\n\t\n\n<\/div>\n\n\t\t<\/div>\n\n\t\t\n<style>\n#section_1698497520 {\n  padding-top: 59px;\n  padding-bottom: 59px;\n  min-height: 300px;\n  background-color: rgb(255, 255, 255);\n}\n<\/style>\n\t<\/section>\n\t\n\n\t<section class=\"section equipe-team\" id=\"section_659923778\">\n\t\t<div class=\"section-bg fill\" >\n\t\t\t\t\t\t\t\t\t\n\t\t\t\n\t<div class=\"is-border\"\n\t\tstyle=\"border-color:rgb(235, 235, 235);border-width:1px 0px 0px 0px;\">\n\t<\/div>\n\n\t\t<\/div>\n\n\t\t\n\n\t\t<div class=\"section-content relative\">\n\t\t\t\n\n<div class=\"row row-large align-middle align-center\"  id=\"row-915031656\">\n\n\n\t<div id=\"col-1095289658\" class=\"col medium-6 small-12 large-6\"  >\n\t\t\t\t<div class=\"col-inner text-center\"  >\n\t\t\t\n\t\t\t\n\n<h2>A founder from the world of start-ups<\/h2>\n<p>Etienne Bourbie is the founder of MVPi. After a career as an entrepreneur, he specialized in product management and the development of data science solutions.<\/p>\n<p>His vision of business and technology has enabled MVPi to develop a unique value proposition.<\/p>\n\n\t\t<\/div>\n\t\t\t\t\t<\/div>\n\n\t\n\n\t<div id=\"col-500265035\" class=\"col medium-6 small-12 large-6\"  >\n\t\t\t\t<div class=\"col-inner box-shadow-2-hover\" style=\"background-color:rgb(255, 255, 255);\" >\n\t\t\t\n\t\t\t\n\n    <div class=\"box has-hover has-hover box-text-bottom\" >\n\n                  <div class=\"box-image\" style=\"width:47%;\">\n           <div class=\"box-image-inner image-cover\" style=\"border-radius:100%;padding-top:100%;\">\n              <img loading=\"lazy\" decoding=\"async\" width=\"3739\" height=\"3739\" src=\"https:\/\/mvpi.io\/wp-content\/uploads\/2018\/11\/Etienne-Bourbie_CEO-AdvizArt_NB-copie.jpg\" class=\"attachment- size-\" alt=\"Photo CEO MVPi- Etienne Bourbie\" srcset=\"https:\/\/mvpi.io\/wp-content\/uploads\/2018\/11\/Etienne-Bourbie_CEO-AdvizArt_NB-copie.jpg 3739w, https:\/\/mvpi.io\/wp-content\/uploads\/2018\/11\/Etienne-Bourbie_CEO-AdvizArt_NB-copie-280x280.jpg 280w, https:\/\/mvpi.io\/wp-content\/uploads\/2018\/11\/Etienne-Bourbie_CEO-AdvizArt_NB-copie-400x400.jpg 400w, https:\/\/mvpi.io\/wp-content\/uploads\/2018\/11\/Etienne-Bourbie_CEO-AdvizArt_NB-copie-768x768.jpg 768w, https:\/\/mvpi.io\/wp-content\/uploads\/2018\/11\/Etienne-Bourbie_CEO-AdvizArt_NB-copie-800x800.jpg 800w, https:\/\/mvpi.io\/wp-content\/uploads\/2018\/11\/Etienne-Bourbie_CEO-AdvizArt_NB-copie-300x300.jpg 300w, https:\/\/mvpi.io\/wp-content\/uploads\/2018\/11\/Etienne-Bourbie_CEO-AdvizArt_NB-copie-600x600.jpg 600w, https:\/\/mvpi.io\/wp-content\/uploads\/2018\/11\/Etienne-Bourbie_CEO-AdvizArt_NB-copie-100x100.jpg 100w\" sizes=\"auto, (max-width: 3739px) 100vw, 3739px\" \/>                         <\/div>\n          <\/div>\n         \n          <div class=\"box-text text-center\" >\n                <div class=\"box-text-inner\">\n                  <h4 class=\"uppercase\">\n                    <span class=\"person-name\">Etienne Bourbie<\/span><br\/>\n                    <span class=\"person-title is-small thin-font op-7\">\n                      CEO                    <\/span>\n                  <\/h4>\n\t\t\t\t\t<div class=\"social-icons follow-icons\" ><a href=\"https:\/\/www.linkedin.com\/in\/etiennebourbie\" data-label=\"LinkedIn\" target=\"_blank\" class=\"icon button circle is-outline linkedin tooltip\" title=\"Follow on LinkedIn\" aria-label=\"Follow on LinkedIn\" rel=\"noopener nofollow\" ><i class=\"icon-linkedin\" ><\/i><\/a><\/div>\n\n\n                <\/div>\n          <\/div>\n    <\/div>\n\n\t\n    \n\n\t\t<\/div>\n\t\t\t\t\n<style>\n#col-500265035 > .col-inner {\n  padding: 15px 15px 15px 15px;\n}\n<\/style>\n\t<\/div>\n\n\t\n\n<\/div>\n\n\t\t<\/div>\n\n\t\t\n<style>\n#section_659923778 {\n  padding-top: 59px;\n  padding-bottom: 59px;\n  min-height: 300px;\n  background-color: rgb(240, 240, 240);\n}\n<\/style>\n\t<\/section>\n\t\n<div class=\"row\"  id=\"row-880485625\">\n\n\n\t<div id=\"col-844467629\" class=\"col small-12 large-12\"  >\n\t\t\t\t<div class=\"col-inner text-center\"  >\n\t\t\t\n\t\t\t\n\n<h2>Our experts<\/h2>\n<p class=\"translation-block\">Our team of <strong>experts is made up of people who are passionate about digital<\/strong>, entrepreneurship and technology.<\/p>\n<p class=\"translation-block\"><strong>Visionary, strategic, in permanent contact with university research and Silicon Valley<\/strong>, our team brings you its excellence to bring you solutions to your needs.<\/p>\n\n\t\t<\/div>\n\t\t\t\t\n<style>\n#col-844467629 > .col-inner {\n  padding: 0px 0px 0px 0px;\n}\n<\/style>\n\t<\/div>\n\n\t\n\n<\/div>\n<div class=\"row row-large equipe-team\"  id=\"row-1003312032\">\n\n\n\t<div id=\"col-1397332781\" class=\"col medium-6 small-12 large-6\"  >\n\t\t\t\t<div class=\"col-inner box-shadow-2-hover\" style=\"background-color:rgb(239, 239, 239);\" >\n\t\t\t\n\t\t\t\n\n    <div class=\"box has-hover has-hover box-text-bottom\" >\n\n                  <div class=\"box-image\" style=\"width:40%;\">\n           <div class=\"box-image-inner image-cover\" style=\"border-radius:100%;padding-top:100%;\">\n              <img loading=\"lazy\" decoding=\"async\" width=\"400\" height=\"400\" src=\"https:\/\/mvpi.io\/wp-content\/uploads\/2018\/11\/Thomas-Scialom.jpg\" class=\"attachment- size-\" alt=\"Expert Machine Learning MVPi\" srcset=\"https:\/\/mvpi.io\/wp-content\/uploads\/2018\/11\/Thomas-Scialom.jpg 400w, https:\/\/mvpi.io\/wp-content\/uploads\/2018\/11\/Thomas-Scialom-280x280.jpg 280w, https:\/\/mvpi.io\/wp-content\/uploads\/2018\/11\/Thomas-Scialom-300x300.jpg 300w, https:\/\/mvpi.io\/wp-content\/uploads\/2018\/11\/Thomas-Scialom-100x100.jpg 100w\" sizes=\"auto, (max-width: 400px) 100vw, 400px\" \/>                         <\/div>\n          <\/div>\n         \n          <div class=\"box-text text-center\" >\n                <div class=\"box-text-inner\">\n                  <h4 class=\"uppercase translation-block\"><span class=\"person-name\">Thomas Scialom<\/span><br> <span class=\"person-title is-small thin-font op-7\"> AI expert <\/span><\/h4>\n\t\t\t\t\t<div class=\"social-icons follow-icons\" ><a href=\"https:\/\/www.linkedin.com\/in\/tscialom\/\" data-label=\"LinkedIn\" target=\"_blank\" class=\"icon button circle is-outline linkedin tooltip\" title=\"Follow on LinkedIn\" aria-label=\"Follow on LinkedIn\" rel=\"noopener nofollow\" ><i class=\"icon-linkedin\" ><\/i><\/a><\/div>\n\n<p>A former banker, Thomas trained in artificial intelligence at the Ecole Polytechnique. PhD student at LIPS6, Thomas ensures at MV\u03c0 the academic excellence and the state of the art in AI.<\/p>\n\n                <\/div>\n          <\/div>\n    <\/div>\n\n\t\n    \n\n\t\t<\/div>\n\t\t\t\t\n<style>\n#col-1397332781 > .col-inner {\n  padding: 10px 0px 0px 0px;\n}\n<\/style>\n\t<\/div>\n\n\t\n\n\t<div id=\"col-1916261411\" class=\"col medium-6 small-12 large-6\"  >\n\t\t\t\t<div class=\"col-inner box-shadow-2-hover\" style=\"background-color:rgb(239, 239, 239);\" >\n\t\t\t\n\t\t\t\n\n    <div class=\"box has-hover has-hover box-text-bottom\" >\n\n                  <div class=\"box-image\" style=\"width:40%;\">\n           <div class=\"box-image-inner image-cover\" style=\"border-radius:100%;padding-top:100%;\">\n              <img loading=\"lazy\" decoding=\"async\" width=\"576\" height=\"576\" src=\"https:\/\/mvpi.io\/wp-content\/uploads\/2018\/11\/Benoit-Bourbie-bw-lowdef-1.jpg\" class=\"attachment- size-\" alt=\"Expert Big Data MVPi - Benoit Bourbie\" srcset=\"https:\/\/mvpi.io\/wp-content\/uploads\/2018\/11\/Benoit-Bourbie-bw-lowdef-1.jpg 576w, https:\/\/mvpi.io\/wp-content\/uploads\/2018\/11\/Benoit-Bourbie-bw-lowdef-1-280x280.jpg 280w, https:\/\/mvpi.io\/wp-content\/uploads\/2018\/11\/Benoit-Bourbie-bw-lowdef-1-400x400.jpg 400w\" sizes=\"auto, (max-width: 576px) 100vw, 576px\" \/>                         <\/div>\n          <\/div>\n         \n          <div class=\"box-text text-center\" >\n                <div class=\"box-text-inner\">\n                  <h4 class=\"uppercase translation-block\"><span class=\"person-name\">Benoit Bourbie<\/span><br> <span class=\"person-title is-small thin-font op-7\"> Big Data expert <\/span><\/h4>\n\t\t\t\t\t<div class=\"social-icons follow-icons\" ><a href=\"https:\/\/www.linkedin.com\/in\/bbourbie\/\" data-label=\"LinkedIn\" target=\"_blank\" class=\"icon button circle is-outline linkedin tooltip\" title=\"Follow on LinkedIn\" aria-label=\"Follow on LinkedIn\" rel=\"noopener nofollow\" ><i class=\"icon-linkedin\" ><\/i><\/a><\/div>\n\n<p>Former engineer at Google and Magic Leap, Beno\u00eet, and his mathematical background ensures MV\u03c0, excellence in algorithm and optimization.<\/p>\n\n                <\/div>\n          <\/div>\n    <\/div>\n\n\t\n    \n\n\t\t<\/div>\n\t\t\t\t\n<style>\n#col-1916261411 > .col-inner {\n  padding: 10px 0px 0px 0px;\n}\n<\/style>\n\t<\/div>\n\n\t\n\n<\/div>\n<div class=\"row row-large equipe-team\"  id=\"row-863547496\">\n\n\n\t<div id=\"col-2049967554\" class=\"col medium-6 small-12 large-6\"  >\n\t\t\t\t<div class=\"col-inner box-shadow-2-hover\" style=\"background-color:rgb(239, 239, 239);\" >\n\t\t\t\n\t\t\t\n\n    <div class=\"box has-hover has-hover box-text-bottom\" >\n\n                  <div class=\"box-image\" style=\"width:40%;\">\n           <div class=\"box-image-inner image-cover\" style=\"border-radius:100%;padding-top:100%;\">\n              <img loading=\"lazy\" decoding=\"async\" width=\"825\" height=\"824\" src=\"https:\/\/mvpi.io\/wp-content\/uploads\/2018\/11\/Thomas-Singler.jpg\" class=\"attachment- size-\" alt=\"Consultant en strat\u00e9gie - MVPi\" srcset=\"https:\/\/mvpi.io\/wp-content\/uploads\/2018\/11\/Thomas-Singler.jpg 825w, https:\/\/mvpi.io\/wp-content\/uploads\/2018\/11\/Thomas-Singler-280x280.jpg 280w, https:\/\/mvpi.io\/wp-content\/uploads\/2018\/11\/Thomas-Singler-400x400.jpg 400w, https:\/\/mvpi.io\/wp-content\/uploads\/2018\/11\/Thomas-Singler-768x767.jpg 768w, https:\/\/mvpi.io\/wp-content\/uploads\/2018\/11\/Thomas-Singler-801x800.jpg 801w\" sizes=\"auto, (max-width: 825px) 100vw, 825px\" \/>                         <\/div>\n          <\/div>\n         \n          <div class=\"box-text text-center\" >\n                <div class=\"box-text-inner\">\n                  <h4 class=\"uppercase translation-block\"><span class=\"person-name\">Thomas Singler<\/span><br> <span class=\"person-title is-small thin-font op-7\"> Strategy Consultant <\/span><\/h4>\n\t\t\t\t\t<div class=\"social-icons follow-icons\" ><a href=\"https:\/\/www.linkedin.com\/in\/thomassingler\/\" data-label=\"LinkedIn\" target=\"_blank\" class=\"icon button circle is-outline linkedin tooltip\" title=\"Follow on LinkedIn\" aria-label=\"Follow on LinkedIn\" rel=\"noopener nofollow\" ><i class=\"icon-linkedin\" ><\/i><\/a><\/div>\n\n<p>A graduate of Sciences Po Paris and Imperial College, Thomas is a former strategy consultant at BCG. He puts his expertise in consulting and digital marketing at the service of your projects.<\/p>\n\n                <\/div>\n          <\/div>\n    <\/div>\n\n\t\n    \n\n\t\t<\/div>\n\t\t\t\t\n<style>\n#col-2049967554 > .col-inner {\n  padding: 10px 0px 0px 0px;\n}\n<\/style>\n\t<\/div>\n\n\t\n\n\t<div id=\"col-308888430\" class=\"col medium-6 small-12 large-6\"  >\n\t\t\t\t<div class=\"col-inner box-shadow-2-hover\" style=\"background-color:rgb(239, 239, 239);\" >\n\t\t\t\n\t\t\t\n\n    <div class=\"box has-hover has-hover box-text-bottom\" >\n\n                  <div class=\"box-image\" style=\"width:40%;\">\n           <div class=\"box-image-inner image-cover\" style=\"border-radius:100%;padding-top:100%;\">\n              <img loading=\"lazy\" decoding=\"async\" width=\"1222\" height=\"1226\" src=\"https:\/\/mvpi.io\/wp-content\/uploads\/2018\/11\/Eric-Benites-01.jpg\" class=\"attachment- size-\" alt=\"Developpeur Full stack - Eric Benites MVPi\" srcset=\"https:\/\/mvpi.io\/wp-content\/uploads\/2018\/11\/Eric-Benites-01.jpg 1222w, https:\/\/mvpi.io\/wp-content\/uploads\/2018\/11\/Eric-Benites-01-280x280.jpg 280w, https:\/\/mvpi.io\/wp-content\/uploads\/2018\/11\/Eric-Benites-01-399x400.jpg 399w, https:\/\/mvpi.io\/wp-content\/uploads\/2018\/11\/Eric-Benites-01-768x771.jpg 768w, https:\/\/mvpi.io\/wp-content\/uploads\/2018\/11\/Eric-Benites-01-797x800.jpg 797w\" sizes=\"auto, (max-width: 1222px) 100vw, 1222px\" \/>                         <\/div>\n          <\/div>\n         \n          <div class=\"box-text text-center\" >\n                <div class=\"box-text-inner\">\n                  <h4 class=\"uppercase translation-block\"><span class=\"person-name\">Eric Benites<\/span><br> <span class=\"person-title is-small thin-font op-7\"> Full-Stack developer <\/span><\/h4>\n\t\t\t\t\t<div class=\"social-icons follow-icons\" ><a href=\"https:\/\/www.linkedin.com\/in\/eric-b-87a19689\/\" data-label=\"LinkedIn\" target=\"_blank\" class=\"icon button circle is-outline linkedin tooltip\" title=\"Follow on LinkedIn\" aria-label=\"Follow on LinkedIn\" rel=\"noopener nofollow\" ><i class=\"icon-linkedin\" ><\/i><\/a><\/div>\n\n<p>After business school, Eric became an entrepreneur. He trained in digital technologies to meet his needs before making it his profession.\u00a0<\/p>\n\n                <\/div>\n          <\/div>\n    <\/div>\n\n\t\n    \n\n\t\t<\/div>\n\t\t\t\t\n<style>\n#col-308888430 > .col-inner {\n  padding: 10px 0px 0px 0px;\n}\n<\/style>\n\t<\/div>\n\n\t\n\n<\/div>","protected":false},"excerpt":{"rendered":"","protected":false},"author":1,"featured_media":621,"parent":0,"menu_order":0,"comment_status":"closed","ping_status":"closed","template":"page-blank.php","meta":{"_monsterinsights_skip_tracking":false,"_monsterinsights_sitenote_active":false,"_monsterinsights_sitenote_note":"","_monsterinsights_sitenote_category":0,"footnotes":""},"class_list":["post-19","page","type-page","status-publish","has-post-thumbnail","hentry"],"yoast_head":"<!-- This site is optimized with the Yoast SEO plugin v27.5 - https:\/\/yoast.com\/product\/yoast-seo-wordpress\/ -->\n<title>Qui Sommes-Nous - MVPi<\/title>\n<meta name=\"description\" content=\"MVPi est un cabinet de conseil en innovation sp\u00e9cialis\u00e9 en IA et en data. L&#039;expertise de notre \u00e9quipe permet d&#039;apporter une r\u00e9ponse op\u00e9rationnelle \u00e0 vos probl\u00e9matiques\" \/>\n<meta name=\"robots\" content=\"index, follow, max-snippet:-1, max-image-preview:large, max-video-preview:-1\" \/>\n<link rel=\"canonical\" href=\"https:\/\/mvpi.io\/en\/qui-sommes-nous\/\" \/>\n<meta property=\"og:locale\" content=\"en_US\" \/>\n<meta property=\"og:type\" content=\"article\" \/>\n<meta property=\"og:title\" content=\"Qui Sommes-Nous - MVPi\" \/>\n<meta property=\"og:description\" content=\"MVPi est un cabinet de conseil en innovation sp\u00e9cialis\u00e9 en IA et en data. L&#039;expertise de notre \u00e9quipe permet d&#039;apporter une r\u00e9ponse op\u00e9rationnelle \u00e0 vos probl\u00e9matiques\" \/>\n<meta property=\"og:url\" content=\"https:\/\/mvpi.io\/en\/qui-sommes-nous\/\" \/>\n<meta property=\"og:site_name\" content=\"MVPi\" \/>\n<meta property=\"article:modified_time\" content=\"2020-02-20T15:49:48+00:00\" \/>\n<meta property=\"og:image\" content=\"https:\/\/mvpi.io\/wp-content\/uploads\/2018\/11\/1__gg1Te-7SJfk9E2D-mORfw-copie-4.jpg\" \/>\n\t<meta property=\"og:image:width\" content=\"1920\" \/>\n\t<meta property=\"og:image:height\" content=\"1080\" \/>\n\t<meta property=\"og:image:type\" content=\"image\/jpeg\" \/>\n<meta name=\"twitter:card\" content=\"summary_large_image\" \/>\n<meta name=\"twitter:label1\" content=\"Est. reading time\" \/>\n\t<meta name=\"twitter:data1\" content=\"3 minutes\" \/>\n<script type=\"application\/ld+json\" class=\"yoast-schema-graph\">{\"@context\":\"https:\\\/\\\/schema.org\",\"@graph\":[{\"@type\":\"WebPage\",\"@id\":\"https:\\\/\\\/mvpi.io\\\/qui-sommes-nous\\\/\",\"url\":\"https:\\\/\\\/mvpi.io\\\/qui-sommes-nous\\\/\",\"name\":\"Qui Sommes-Nous - MVPi\",\"isPartOf\":{\"@id\":\"https:\\\/\\\/mvpi.io\\\/en\\\/#website\"},\"primaryImageOfPage\":{\"@id\":\"https:\\\/\\\/mvpi.io\\\/qui-sommes-nous\\\/#primaryimage\"},\"image\":{\"@id\":\"https:\\\/\\\/mvpi.io\\\/qui-sommes-nous\\\/#primaryimage\"},\"thumbnailUrl\":\"https:\\\/\\\/mvpi.io\\\/wp-content\\\/uploads\\\/2018\\\/11\\\/1__gg1Te-7SJfk9E2D-mORfw-copie-4.jpg\",\"datePublished\":\"2016-09-19T08:54:13+00:00\",\"dateModified\":\"2020-02-20T15:49:48+00:00\",\"description\":\"MVPi est un cabinet de conseil en innovation sp\u00e9cialis\u00e9 en IA et en data. L'expertise de notre \u00e9quipe permet d'apporter une r\u00e9ponse op\u00e9rationnelle \u00e0 vos probl\u00e9matiques\",\"breadcrumb\":{\"@id\":\"https:\\\/\\\/mvpi.io\\\/qui-sommes-nous\\\/#breadcrumb\"},\"inLanguage\":\"en-US\",\"potentialAction\":[{\"@type\":\"ReadAction\",\"target\":[\"https:\\\/\\\/mvpi.io\\\/qui-sommes-nous\\\/\"]}]},{\"@type\":\"ImageObject\",\"inLanguage\":\"en-US\",\"@id\":\"https:\\\/\\\/mvpi.io\\\/qui-sommes-nous\\\/#primaryimage\",\"url\":\"https:\\\/\\\/mvpi.io\\\/wp-content\\\/uploads\\\/2018\\\/11\\\/1__gg1Te-7SJfk9E2D-mORfw-copie-4.jpg\",\"contentUrl\":\"https:\\\/\\\/mvpi.io\\\/wp-content\\\/uploads\\\/2018\\\/11\\\/1__gg1Te-7SJfk9E2D-mORfw-copie-4.jpg\",\"width\":1920,\"height\":1080},{\"@type\":\"BreadcrumbList\",\"@id\":\"https:\\\/\\\/mvpi.io\\\/qui-sommes-nous\\\/#breadcrumb\",\"itemListElement\":[{\"@type\":\"ListItem\",\"position\":1,\"name\":\"Accueil\",\"item\":\"https:\\\/\\\/mvpi.io\\\/en\\\/\"},{\"@type\":\"ListItem\",\"position\":2,\"name\":\"Qui Sommes-Nous\"}]},{\"@type\":\"WebSite\",\"@id\":\"https:\\\/\\\/mvpi.io\\\/en\\\/#website\",\"url\":\"https:\\\/\\\/mvpi.io\\\/en\\\/\",\"name\":\"MV\u03c0\",\"description\":\"\",\"potentialAction\":[{\"@type\":\"SearchAction\",\"target\":{\"@type\":\"EntryPoint\",\"urlTemplate\":\"https:\\\/\\\/mvpi.io\\\/en\\\/?s={search_term_string}\"},\"query-input\":{\"@type\":\"PropertyValueSpecification\",\"valueRequired\":true,\"valueName\":\"search_term_string\"}}],\"inLanguage\":\"en-US\"}]}<\/script>\n<!-- \/ Yoast SEO plugin. -->","yoast_head_json":{"title":"Qui Sommes-Nous - MVPi","description":"MVPi est un cabinet de conseil en innovation sp\u00e9cialis\u00e9 en IA et en data. L'expertise de notre \u00e9quipe permet d'apporter une r\u00e9ponse op\u00e9rationnelle \u00e0 vos probl\u00e9matiques","robots":{"index":"index","follow":"follow","max-snippet":"max-snippet:-1","max-image-preview":"max-image-preview:large","max-video-preview":"max-video-preview:-1"},"canonical":"https:\/\/mvpi.io\/en\/qui-sommes-nous\/","og_locale":"en_US","og_type":"article","og_title":"Qui Sommes-Nous - MVPi","og_description":"MVPi est un cabinet de conseil en innovation sp\u00e9cialis\u00e9 en IA et en data. L'expertise de notre \u00e9quipe permet d'apporter une r\u00e9ponse op\u00e9rationnelle \u00e0 vos probl\u00e9matiques","og_url":"https:\/\/mvpi.io\/en\/qui-sommes-nous\/","og_site_name":"MVPi","article_modified_time":"2020-02-20T15:49:48+00:00","og_image":[{"width":1920,"height":1080,"url":"https:\/\/mvpi.io\/wp-content\/uploads\/2018\/11\/1__gg1Te-7SJfk9E2D-mORfw-copie-4.jpg","type":"image\/jpeg"}],"twitter_card":"summary_large_image","twitter_misc":{"Est. reading time":"3 minutes"},"schema":{"@context":"https:\/\/schema.org","@graph":[{"@type":"WebPage","@id":"https:\/\/mvpi.io\/qui-sommes-nous\/","url":"https:\/\/mvpi.io\/qui-sommes-nous\/","name":"Qui Sommes-Nous - MVPi","isPartOf":{"@id":"https:\/\/mvpi.io\/en\/#website"},"primaryImageOfPage":{"@id":"https:\/\/mvpi.io\/qui-sommes-nous\/#primaryimage"},"image":{"@id":"https:\/\/mvpi.io\/qui-sommes-nous\/#primaryimage"},"thumbnailUrl":"https:\/\/mvpi.io\/wp-content\/uploads\/2018\/11\/1__gg1Te-7SJfk9E2D-mORfw-copie-4.jpg","datePublished":"2016-09-19T08:54:13+00:00","dateModified":"2020-02-20T15:49:48+00:00","description":"MVPi est un cabinet de conseil en innovation sp\u00e9cialis\u00e9 en IA et en data. L'expertise de notre \u00e9quipe permet d'apporter une r\u00e9ponse op\u00e9rationnelle \u00e0 vos probl\u00e9matiques","breadcrumb":{"@id":"https:\/\/mvpi.io\/qui-sommes-nous\/#breadcrumb"},"inLanguage":"en-US","potentialAction":[{"@type":"ReadAction","target":["https:\/\/mvpi.io\/qui-sommes-nous\/"]}]},{"@type":"ImageObject","inLanguage":"en-US","@id":"https:\/\/mvpi.io\/qui-sommes-nous\/#primaryimage","url":"https:\/\/mvpi.io\/wp-content\/uploads\/2018\/11\/1__gg1Te-7SJfk9E2D-mORfw-copie-4.jpg","contentUrl":"https:\/\/mvpi.io\/wp-content\/uploads\/2018\/11\/1__gg1Te-7SJfk9E2D-mORfw-copie-4.jpg","width":1920,"height":1080},{"@type":"BreadcrumbList","@id":"https:\/\/mvpi.io\/qui-sommes-nous\/#breadcrumb","itemListElement":[{"@type":"ListItem","position":1,"name":"Accueil","item":"https:\/\/mvpi.io\/en\/"},{"@type":"ListItem","position":2,"name":"Qui Sommes-Nous"}]},{"@type":"WebSite","@id":"https:\/\/mvpi.io\/en\/#website","url":"https:\/\/mvpi.io\/en\/","name":"MV\u03c0","description":"","potentialAction":[{"@type":"SearchAction","target":{"@type":"EntryPoint","urlTemplate":"https:\/\/mvpi.io\/en\/?s={search_term_string}"},"query-input":{"@type":"PropertyValueSpecification","valueRequired":true,"valueName":"search_term_string"}}],"inLanguage":"en-US"}]}},"_links":{"self":[{"href":"https:\/\/mvpi.io\/en\/wp-json\/wp\/v2\/pages\/19","targetHints":{"allow":["GET"]}}],"collection":[{"href":"https:\/\/mvpi.io\/en\/wp-json\/wp\/v2\/pages"}],"about":[{"href":"https:\/\/mvpi.io\/en\/wp-json\/wp\/v2\/types\/page"}],"author":[{"embeddable":true,"href":"https:\/\/mvpi.io\/en\/wp-json\/wp\/v2\/users\/1"}],"replies":[{"embeddable":true,"href":"https:\/\/mvpi.io\/en\/wp-json\/wp\/v2\/comments?post=19"}],"version-history":[{"count":79,"href":"https:\/\/mvpi.io\/en\/wp-json\/wp\/v2\/pages\/19\/revisions"}],"predecessor-version":[{"id":876,"href":"https:\/\/mvpi.io\/en\/wp-json\/wp\/v2\/pages\/19\/revisions\/876"}],"wp:featuredmedia":[{"embeddable":true,"href":"https:\/\/mvpi.io\/en\/wp-json\/wp\/v2\/media\/621"}],"wp:attachment":[{"href":"https:\/\/mvpi.io\/en\/wp-json\/wp\/v2\/media?parent=19"}],"curies":[{"name":"wp","href":"https:\/\/api.w.org\/{rel}","templated":true}]}}