{"id":472,"date":"2018-11-08T16:17:24","date_gmt":"2018-11-08T15:17:24","guid":{"rendered":"http:\/\/mvpi.io\/?page_id=472"},"modified":"2020-09-21T16:54:30","modified_gmt":"2020-09-21T14:54:30","slug":"nos-realisations","status":"publish","type":"page","link":"https:\/\/mvpi.io\/en\/nos-realisations\/","title":{"rendered":"Our Achievements"},"content":{"rendered":"<section class=\"section dark has-parallax\" id=\"section_1777815640\">\n\t\t<div class=\"section-bg fill\" data-parallax-container=\".section\" data-parallax-background data-parallax=\"-2\">\n\t\t\t<img loading=\"lazy\" decoding=\"async\" width=\"1920\" height=\"1080\" src=\"https:\/\/mvpi.io\/wp-content\/uploads\/2018\/11\/1__gg1Te-7SJfk9E2D-mORfw-copie.jpg\" class=\"bg attachment- size-\" alt=\"\" \/>\t\t\t\t\t\t\n\t\t\t\n\n\t\t<\/div>\n\n\t\t\n\n\t\t<div class=\"section-content relative\">\n\t\t\t\n\n<div class=\"row align-middle\"  id=\"row-927594945\">\n\n\n\t<div id=\"col-515670917\" class=\"col small-12 large-12\"  >\n\t\t\t\t<div class=\"col-inner\"  >\n\t\t\t\n\t\t\t\n\n<h1 style=\"text-align: center;\">Our Achievements<\/h1>\n\n\t\t<\/div>\n\t\t\t\t\t<\/div>\n\n\t\n\n<\/div>\n\n\t\t<\/div>\n\n\t\t\n<style>\n#section_1777815640 {\n  padding-top: 190px;\n  padding-bottom: 190px;\n}\n<\/style>\n\t<\/section>\n\t\n\n\t<section class=\"section projet\" id=\"section_1881321377\">\n\t\t<div class=\"section-bg fill\" >\n\t\t\t\t\t\t\t\t\t\n\t\t\t\n\n\t\t<\/div>\n\n\t\t\n\n\t\t<div class=\"section-content relative\">\n\t\t\t\n\n<div class=\"row align-middle align-center\"  id=\"row-1595703689\">\n\n\n\t<div id=\"col-856399208\" class=\"col medium-4 small-12 large-4\"  >\n\t\t\t\t<div class=\"col-inner text-left\"  >\n\t\t\t\n\t\t\t\n\n\t<div class=\"img has-hover x md-x lg-x y md-y lg-y\" id=\"image_1379654916\">\n\t\t\t\t\t\t\t\t<div class=\"img-inner dark\" >\n\t\t\t<img loading=\"lazy\" decoding=\"async\" width=\"285\" height=\"159\" src=\"https:\/\/mvpi.io\/wp-content\/uploads\/2018\/11\/logo-fb-1.png\" class=\"attachment-large size-large\" alt=\"MVPi - Logo DocnDoc\" \/>\t\t\t\t\t\t\n\t\t\t\t\t<\/div>\n\t\t\t\t\t\t\t\t\n<style>\n#image_1379654916 {\n  width: 72%;\n}\n<\/style>\n\t<\/div>\n\t\n\n\n\t\t<\/div>\n\t\t\t\t\t<\/div>\n\n\t\n\n\t<div id=\"col-1332614782\" class=\"col medium-8 small-12 large-8\"  >\n\t\t\t\t<div class=\"col-inner\"  >\n\t\t\t\n\t\t\t\n\n<h2>DocnDoc<\/h2>\n<p class=\"translation-block\">MV\u03c0 has been chosen by DocnDoc to <strong>review its digital strategy<\/strong> and make its technology the <strong>basis of its growth and differentiation<\/strong>.<\/p>\n<p class=\"translation-block\">Based on an analysis of the sector, the most suitable technologies and the use of data, we worked on all aspects of the <strong>disruption of the medical replacement market<\/strong>.<\/p>\n<p class=\"translation-block\">With the goal of growing DocnDoc, we focused the strategy on all aspects of a <strong>client's acquisition tunnel<\/strong>.<\/p>\n<p class=\"translation-block\"><strong>The digital impact of DocnDoc<\/strong> was multiplied by more than 20 in the first two months of implementing the strategy put in place by our teams.<\/p>\n\n\t\t<\/div>\n\t\t\t\t\t<\/div>\n\n\t\n\n<\/div>\n<div class=\"row align-center testimonials\"  id=\"row-734446677\">\n\n\n\t<div id=\"col-1638406820\" class=\"col testimonials small-12 large-12\"  >\n\t\t\t\t<div class=\"col-inner\"  >\n\t\t\t\n\t\t\t\n\n  <div class=\"icon-box testimonial-box icon-box-left text-left\">\n                <div class=\"icon-box-img testimonial-image circle\" style=\"width: 80px\">\n              <img loading=\"lazy\" decoding=\"async\" width=\"280\" height=\"280\" src=\"https:\/\/mvpi.io\/wp-content\/uploads\/2018\/11\/26225000-27063811-280x280.jpg\" class=\"attachment-thumbnail size-thumbnail\" alt=\"MVPi - Pascale Karila Cohen\" srcset=\"https:\/\/mvpi.io\/wp-content\/uploads\/2018\/11\/26225000-27063811-280x280.jpg 280w, https:\/\/mvpi.io\/wp-content\/uploads\/2018\/11\/26225000-27063811-300x300.jpg 300w, https:\/\/mvpi.io\/wp-content\/uploads\/2018\/11\/26225000-27063811-100x100.jpg 100w\" sizes=\"auto, (max-width: 280px) 100vw, 280px\" \/>        <\/div>\n                <div class=\"icon-box-text p-last-0\">\n            \t\t\t\t<div class=\"testimonial-text line-height-small italic test_text first-reset last-reset is-italic\">\n            \n\n<h3>Pascale Karila-Cohen<\/h3>\n<p>\u00ab\u00a0Lorem ipsum dolor sit amet, consectetuer adipiscing elit, sed diam nonummy nibh euismod tincidunt ut laoreet dolore magna aliquam erat volutpat&#8230;.\u00a0\u00bb<\/p>\n\n          <\/div>\n          <div class=\"testimonial-meta pt-half\">\n             <strong class=\"testimonial-name test_name\"><\/strong>\n                          <span class=\"testimonial-company test_company\"><\/span>\n          <\/div>\n        <\/div>\n  <\/div>\n\n  \n\n\t\t<\/div>\n\t\t\t\t\t<\/div>\n\n\t\n\n\n<style>\n#row-734446677 > .col > .col-inner {\n  padding: 10px 15px 10px 15px;\n  background-color: rgb(255, 255, 255);\n}\n<\/style>\n<\/div>\n\n\t\t<\/div>\n\n\t\t\n<style>\n#section_1881321377 {\n  padding-top: 30px;\n  padding-bottom: 30px;\n  background-color: rgb(246, 246, 246);\n}\n<\/style>\n\t<\/section>\n\t\n\n\t<section class=\"section\" id=\"section_643666910\">\n\t\t<div class=\"section-bg fill\" >\n\t\t\t\t\t\t\t\t\t\n\t\t\t\n\n\t\t<\/div>\n\n\t\t\n\n\t\t<div class=\"section-content relative\">\n\t\t\t\n\n<div class=\"row align-middle\"  id=\"row-1929755126\">\n\n\n\t<div id=\"col-776098397\" class=\"col medium-4 small-12 large-4\"  >\n\t\t\t\t<div class=\"col-inner\"  >\n\t\t\t\n\t\t\t\n\n\t<div class=\"img has-hover x md-x lg-x y md-y lg-y\" id=\"image_1398725490\">\n\t\t\t\t\t\t\t\t<div class=\"img-inner dark\" >\n\t\t\t<img loading=\"lazy\" decoding=\"async\" width=\"512\" height=\"512\" src=\"https:\/\/mvpi.io\/wp-content\/uploads\/2018\/11\/calendar.png\" class=\"attachment-large size-large\" alt=\"MVPi - organisation d&#039;\u00e9v\u00e8nements\" srcset=\"https:\/\/mvpi.io\/wp-content\/uploads\/2018\/11\/calendar.png 512w, https:\/\/mvpi.io\/wp-content\/uploads\/2018\/11\/calendar-280x280.png 280w, https:\/\/mvpi.io\/wp-content\/uploads\/2018\/11\/calendar-400x400.png 400w\" sizes=\"auto, (max-width: 512px) 100vw, 512px\" \/>\t\t\t\t\t\t\n\t\t\t\t\t<\/div>\n\t\t\t\t\t\t\t\t\n<style>\n#image_1398725490 {\n  width: 50%;\n}\n<\/style>\n\t<\/div>\n\t\n\n\n\t\t<\/div>\n\t\t\t\t\t<\/div>\n\n\t\n\n\t<div id=\"col-200581823\" class=\"col medium-8 small-12 large-8\"  >\n\t\t\t\t<div class=\"col-inner\"  >\n\t\t\t\n\t\t\t\n\n<h2>Organization of events<\/h2>\n<p class=\"translation-block\">MVPi was commissioned by a leading corporate events agency to <strong>automatically generate and optimize the schedules<\/strong> of more than 2,000 customers.<\/p>\n<p class=\"translation-block\">MV\u03c0 has developed a software allowing to <strong>generate instantaneously the planning of all the participants<\/strong>. The solution takes into account the preferences and availabilities of the participants in order to optimize the meetings. The solution allows a team to <strong>instantly do the work that 5 employees<\/strong> used to do in 3 weeks.<\/p>\n\n\t\t<\/div>\n\t\t\t\t\t<\/div>\n\n\t\n\n<\/div>\n\n\t\t<\/div>\n\n\t\t\n<style>\n#section_643666910 {\n  padding-top: 30px;\n  padding-bottom: 30px;\n  background-color: rgb(255, 255, 255);\n}\n<\/style>\n\t<\/section>\n\t\n\n\t<section class=\"section\" id=\"section_1769232080\">\n\t\t<div class=\"section-bg fill\" >\n\t\t\t\t\t\t\t\t\t\n\t\t\t\n\n\t\t<\/div>\n\n\t\t\n\n\t\t<div class=\"section-content relative\">\n\t\t\t\n\n<div class=\"row align-middle align-center\"  id=\"row-936969378\">\n\n\n\t<div id=\"col-837228328\" class=\"col medium-4 small-12 large-4\"  >\n\t\t\t\t<div class=\"col-inner\"  >\n\t\t\t\n\t\t\t\n\n\t<div class=\"img has-hover x md-x lg-x y md-y lg-y\" id=\"image_1948355955\">\n\t\t\t\t\t\t\t\t<div class=\"img-inner dark\" >\n\t\t\t<img loading=\"lazy\" decoding=\"async\" width=\"512\" height=\"512\" src=\"https:\/\/mvpi.io\/wp-content\/uploads\/2018\/11\/chat.png\" class=\"attachment-large size-large\" alt=\"MVPI - Chatbot Immobilier\" srcset=\"https:\/\/mvpi.io\/wp-content\/uploads\/2018\/11\/chat.png 512w, https:\/\/mvpi.io\/wp-content\/uploads\/2018\/11\/chat-280x280.png 280w, https:\/\/mvpi.io\/wp-content\/uploads\/2018\/11\/chat-400x400.png 400w, https:\/\/mvpi.io\/wp-content\/uploads\/2018\/11\/chat-300x300.png 300w, https:\/\/mvpi.io\/wp-content\/uploads\/2018\/11\/chat-100x100.png 100w\" sizes=\"auto, (max-width: 512px) 100vw, 512px\" \/>\t\t\t\t\t\t\n\t\t\t\t\t<\/div>\n\t\t\t\t\t\t\t\t\n<style>\n#image_1948355955 {\n  width: 50%;\n}\n<\/style>\n\t<\/div>\n\t\n\n\n\t\t<\/div>\n\t\t\t\t\t<\/div>\n\n\t\n\n\t<div id=\"col-325745788\" class=\"col medium-8 small-12 large-8\"  >\n\t\t\t\t<div class=\"col-inner\"  >\n\t\t\t\n\t\t\t\n\n<h2>Chatbot Real Estate<\/h2>\n<p class=\"translation-block\">Contacted by a major player in asset management in France, we have developed an <strong>artificial intelligence solution<\/strong> to manage their portfolio and real estate investments.<\/p>\n<p class=\"translation-block\">This solution <strong>analyses market risks and opportunities<\/strong> in real time thanks to machine learning algorithms. It allows us to respond to questions and operational needs of employees in the form of a natural discussion through a chatbot.<\/p>\n\n\t\t<\/div>\n\t\t\t\t\t<\/div>\n\n\t\n\n<\/div>\n\n\t\t<\/div>\n\n\t\t\n<style>\n#section_1769232080 {\n  padding-top: 30px;\n  padding-bottom: 30px;\n  background-color: rgb(246, 246, 246);\n}\n<\/style>\n\t<\/section>\n\t\n\n\t<section class=\"section\" id=\"section_632752332\">\n\t\t<div class=\"section-bg fill\" >\n\t\t\t\t\t\t\t\t\t\n\t\t\t\n\n\t\t<\/div>\n\n\t\t\n\n\t\t<div class=\"section-content relative\">\n\t\t\t\n\n<div class=\"row align-middle\"  id=\"row-853781439\">\n\n\n\t<div id=\"col-1779973975\" class=\"col medium-4 small-12 large-4\"  >\n\t\t\t\t<div class=\"col-inner\"  >\n\t\t\t\n\t\t\t\n\n\t<div class=\"img has-hover x md-x lg-x y md-y lg-y\" id=\"image_173280809\">\n\t\t\t\t\t\t\t\t<div class=\"img-inner dark\" >\n\t\t\t<img loading=\"lazy\" decoding=\"async\" width=\"512\" height=\"512\" src=\"https:\/\/mvpi.io\/wp-content\/uploads\/2018\/11\/share.png\" class=\"attachment-large size-large\" alt=\"MVPi - Automatisation\" srcset=\"https:\/\/mvpi.io\/wp-content\/uploads\/2018\/11\/share.png 512w, https:\/\/mvpi.io\/wp-content\/uploads\/2018\/11\/share-280x280.png 280w, https:\/\/mvpi.io\/wp-content\/uploads\/2018\/11\/share-400x400.png 400w, https:\/\/mvpi.io\/wp-content\/uploads\/2018\/11\/share-300x300.png 300w, https:\/\/mvpi.io\/wp-content\/uploads\/2018\/11\/share-100x100.png 100w\" sizes=\"auto, (max-width: 512px) 100vw, 512px\" \/>\t\t\t\t\t\t\n\t\t\t\t\t<\/div>\n\t\t\t\t\t\t\t\t\n<style>\n#image_173280809 {\n  width: 50%;\n}\n<\/style>\n\t<\/div>\n\t\n\n\n\t\t<\/div>\n\t\t\t\t\t<\/div>\n\n\t\n\n\t<div id=\"col-1163625734\" class=\"col medium-8 small-12 large-8\"  >\n\t\t\t\t<div class=\"col-inner\"  >\n\t\t\t\n\t\t\t\n\n<h2>Billing automation<\/h2>\n<p class=\"translation-block\">MV\u03c0 was commissioned by a major player in the French publishing world to create a tool to manage their contracts with writers.<\/p>\n<p class=\"translation-block\">The mission was about <strong> automation tools and learning.<\/strong> machine tools. They allow <strong> to save time <\/strong> when editing contracts, when updating contracts and when invoicing. Its integration into a cloud system allows for flexibility and deep integration into the information systems of publishing houses.<\/p>\n\n\t\t<\/div>\n\t\t\t\t\t<\/div>\n\n\t\n\n<\/div>\n\n\t\t<\/div>\n\n\t\t\n<style>\n#section_632752332 {\n  padding-top: 30px;\n  padding-bottom: 30px;\n  background-color: rgb(255, 255, 255);\n}\n<\/style>\n\t<\/section>","protected":false},"excerpt":{"rendered":"","protected":false},"author":1,"featured_media":621,"parent":0,"menu_order":0,"comment_status":"closed","ping_status":"closed","template":"page-blank.php","meta":{"_monsterinsights_skip_tracking":false,"_monsterinsights_sitenote_active":false,"_monsterinsights_sitenote_note":"","_monsterinsights_sitenote_category":0,"footnotes":""},"class_list":["post-472","page","type-page","status-publish","has-post-thumbnail","hentry"],"yoast_head":"<!-- This site is optimized with the Yoast SEO plugin v27.5 - https:\/\/yoast.com\/product\/yoast-seo-wordpress\/ -->\n<title>Nos R\u00e9alisations - MVPi<\/title>\n<meta name=\"description\" content=\"MVPi est un cabinet de conseil en innovation sp\u00e9cialis\u00e9 en IA et en data. Retrouvez nos r\u00e9alisations ainsi que nos temoignages ici\" \/>\n<meta name=\"robots\" content=\"index, follow, max-snippet:-1, max-image-preview:large, max-video-preview:-1\" \/>\n<link rel=\"canonical\" href=\"https:\/\/mvpi.io\/en\/nos-realisations\/\" \/>\n<meta property=\"og:locale\" content=\"en_US\" \/>\n<meta property=\"og:type\" content=\"article\" \/>\n<meta property=\"og:title\" content=\"Nos R\u00e9alisations - MVPi\" \/>\n<meta property=\"og:description\" content=\"MVPi est un cabinet de conseil en innovation sp\u00e9cialis\u00e9 en IA et en data. Retrouvez nos r\u00e9alisations ainsi que nos temoignages ici\" \/>\n<meta property=\"og:url\" content=\"https:\/\/mvpi.io\/en\/nos-realisations\/\" \/>\n<meta property=\"og:site_name\" content=\"MVPi\" \/>\n<meta property=\"article:modified_time\" content=\"2020-09-21T14:54:30+00:00\" \/>\n<meta property=\"og:image\" content=\"https:\/\/mvpi.io\/wp-content\/uploads\/2018\/11\/1__gg1Te-7SJfk9E2D-mORfw-copie-4.jpg\" \/>\n\t<meta property=\"og:image:width\" content=\"1920\" \/>\n\t<meta property=\"og:image:height\" content=\"1080\" \/>\n\t<meta property=\"og:image:type\" content=\"image\/jpeg\" \/>\n<meta name=\"twitter:card\" content=\"summary_large_image\" \/>\n<meta name=\"twitter:label1\" content=\"Est. reading time\" \/>\n\t<meta name=\"twitter:data1\" content=\"3 minutes\" \/>\n<script type=\"application\/ld+json\" class=\"yoast-schema-graph\">{\"@context\":\"https:\\\/\\\/schema.org\",\"@graph\":[{\"@type\":\"WebPage\",\"@id\":\"https:\\\/\\\/mvpi.io\\\/nos-realisations\\\/\",\"url\":\"https:\\\/\\\/mvpi.io\\\/nos-realisations\\\/\",\"name\":\"Nos R\u00e9alisations - MVPi\",\"isPartOf\":{\"@id\":\"https:\\\/\\\/mvpi.io\\\/en\\\/#website\"},\"primaryImageOfPage\":{\"@id\":\"https:\\\/\\\/mvpi.io\\\/nos-realisations\\\/#primaryimage\"},\"image\":{\"@id\":\"https:\\\/\\\/mvpi.io\\\/nos-realisations\\\/#primaryimage\"},\"thumbnailUrl\":\"https:\\\/\\\/mvpi.io\\\/wp-content\\\/uploads\\\/2018\\\/11\\\/1__gg1Te-7SJfk9E2D-mORfw-copie-4.jpg\",\"datePublished\":\"2018-11-08T15:17:24+00:00\",\"dateModified\":\"2020-09-21T14:54:30+00:00\",\"description\":\"MVPi est un cabinet de conseil en innovation sp\u00e9cialis\u00e9 en IA et en data. Retrouvez nos r\u00e9alisations ainsi que nos temoignages ici\",\"breadcrumb\":{\"@id\":\"https:\\\/\\\/mvpi.io\\\/nos-realisations\\\/#breadcrumb\"},\"inLanguage\":\"en-US\",\"potentialAction\":[{\"@type\":\"ReadAction\",\"target\":[\"https:\\\/\\\/mvpi.io\\\/nos-realisations\\\/\"]}]},{\"@type\":\"ImageObject\",\"inLanguage\":\"en-US\",\"@id\":\"https:\\\/\\\/mvpi.io\\\/nos-realisations\\\/#primaryimage\",\"url\":\"https:\\\/\\\/mvpi.io\\\/wp-content\\\/uploads\\\/2018\\\/11\\\/1__gg1Te-7SJfk9E2D-mORfw-copie-4.jpg\",\"contentUrl\":\"https:\\\/\\\/mvpi.io\\\/wp-content\\\/uploads\\\/2018\\\/11\\\/1__gg1Te-7SJfk9E2D-mORfw-copie-4.jpg\",\"width\":1920,\"height\":1080},{\"@type\":\"BreadcrumbList\",\"@id\":\"https:\\\/\\\/mvpi.io\\\/nos-realisations\\\/#breadcrumb\",\"itemListElement\":[{\"@type\":\"ListItem\",\"position\":1,\"name\":\"Accueil\",\"item\":\"https:\\\/\\\/mvpi.io\\\/en\\\/\"},{\"@type\":\"ListItem\",\"position\":2,\"name\":\"Nos R\u00e9alisations\"}]},{\"@type\":\"WebSite\",\"@id\":\"https:\\\/\\\/mvpi.io\\\/en\\\/#website\",\"url\":\"https:\\\/\\\/mvpi.io\\\/en\\\/\",\"name\":\"MV\u03c0\",\"description\":\"\",\"potentialAction\":[{\"@type\":\"SearchAction\",\"target\":{\"@type\":\"EntryPoint\",\"urlTemplate\":\"https:\\\/\\\/mvpi.io\\\/en\\\/?s={search_term_string}\"},\"query-input\":{\"@type\":\"PropertyValueSpecification\",\"valueRequired\":true,\"valueName\":\"search_term_string\"}}],\"inLanguage\":\"en-US\"}]}<\/script>\n<!-- \/ Yoast SEO plugin. -->","yoast_head_json":{"title":"Nos R\u00e9alisations - MVPi","description":"MVPi est un cabinet de conseil en innovation sp\u00e9cialis\u00e9 en IA et en data. Retrouvez nos r\u00e9alisations ainsi que nos temoignages ici","robots":{"index":"index","follow":"follow","max-snippet":"max-snippet:-1","max-image-preview":"max-image-preview:large","max-video-preview":"max-video-preview:-1"},"canonical":"https:\/\/mvpi.io\/en\/nos-realisations\/","og_locale":"en_US","og_type":"article","og_title":"Nos R\u00e9alisations - MVPi","og_description":"MVPi est un cabinet de conseil en innovation sp\u00e9cialis\u00e9 en IA et en data. Retrouvez nos r\u00e9alisations ainsi que nos temoignages ici","og_url":"https:\/\/mvpi.io\/en\/nos-realisations\/","og_site_name":"MVPi","article_modified_time":"2020-09-21T14:54:30+00:00","og_image":[{"width":1920,"height":1080,"url":"https:\/\/mvpi.io\/wp-content\/uploads\/2018\/11\/1__gg1Te-7SJfk9E2D-mORfw-copie-4.jpg","type":"image\/jpeg"}],"twitter_card":"summary_large_image","twitter_misc":{"Est. reading time":"3 minutes"},"schema":{"@context":"https:\/\/schema.org","@graph":[{"@type":"WebPage","@id":"https:\/\/mvpi.io\/nos-realisations\/","url":"https:\/\/mvpi.io\/nos-realisations\/","name":"Nos R\u00e9alisations - MVPi","isPartOf":{"@id":"https:\/\/mvpi.io\/en\/#website"},"primaryImageOfPage":{"@id":"https:\/\/mvpi.io\/nos-realisations\/#primaryimage"},"image":{"@id":"https:\/\/mvpi.io\/nos-realisations\/#primaryimage"},"thumbnailUrl":"https:\/\/mvpi.io\/wp-content\/uploads\/2018\/11\/1__gg1Te-7SJfk9E2D-mORfw-copie-4.jpg","datePublished":"2018-11-08T15:17:24+00:00","dateModified":"2020-09-21T14:54:30+00:00","description":"MVPi est un cabinet de conseil en innovation sp\u00e9cialis\u00e9 en IA et en data. Retrouvez nos r\u00e9alisations ainsi que nos temoignages ici","breadcrumb":{"@id":"https:\/\/mvpi.io\/nos-realisations\/#breadcrumb"},"inLanguage":"en-US","potentialAction":[{"@type":"ReadAction","target":["https:\/\/mvpi.io\/nos-realisations\/"]}]},{"@type":"ImageObject","inLanguage":"en-US","@id":"https:\/\/mvpi.io\/nos-realisations\/#primaryimage","url":"https:\/\/mvpi.io\/wp-content\/uploads\/2018\/11\/1__gg1Te-7SJfk9E2D-mORfw-copie-4.jpg","contentUrl":"https:\/\/mvpi.io\/wp-content\/uploads\/2018\/11\/1__gg1Te-7SJfk9E2D-mORfw-copie-4.jpg","width":1920,"height":1080},{"@type":"BreadcrumbList","@id":"https:\/\/mvpi.io\/nos-realisations\/#breadcrumb","itemListElement":[{"@type":"ListItem","position":1,"name":"Accueil","item":"https:\/\/mvpi.io\/en\/"},{"@type":"ListItem","position":2,"name":"Nos R\u00e9alisations"}]},{"@type":"WebSite","@id":"https:\/\/mvpi.io\/en\/#website","url":"https:\/\/mvpi.io\/en\/","name":"MV\u03c0","description":"","potentialAction":[{"@type":"SearchAction","target":{"@type":"EntryPoint","urlTemplate":"https:\/\/mvpi.io\/en\/?s={search_term_string}"},"query-input":{"@type":"PropertyValueSpecification","valueRequired":true,"valueName":"search_term_string"}}],"inLanguage":"en-US"}]}},"_links":{"self":[{"href":"https:\/\/mvpi.io\/en\/wp-json\/wp\/v2\/pages\/472","targetHints":{"allow":["GET"]}}],"collection":[{"href":"https:\/\/mvpi.io\/en\/wp-json\/wp\/v2\/pages"}],"about":[{"href":"https:\/\/mvpi.io\/en\/wp-json\/wp\/v2\/types\/page"}],"author":[{"embeddable":true,"href":"https:\/\/mvpi.io\/en\/wp-json\/wp\/v2\/users\/1"}],"replies":[{"embeddable":true,"href":"https:\/\/mvpi.io\/en\/wp-json\/wp\/v2\/comments?post=472"}],"version-history":[{"count":54,"href":"https:\/\/mvpi.io\/en\/wp-json\/wp\/v2\/pages\/472\/revisions"}],"predecessor-version":[{"id":927,"href":"https:\/\/mvpi.io\/en\/wp-json\/wp\/v2\/pages\/472\/revisions\/927"}],"wp:featuredmedia":[{"embeddable":true,"href":"https:\/\/mvpi.io\/en\/wp-json\/wp\/v2\/media\/621"}],"wp:attachment":[{"href":"https:\/\/mvpi.io\/en\/wp-json\/wp\/v2\/media?parent=472"}],"curies":[{"name":"wp","href":"https:\/\/api.w.org\/{rel}","templated":true}]}}